{"id":86,"date":"2017-09-03T16:42:22","date_gmt":"2017-09-03T16:42:22","guid":{"rendered":"http:\/\/sg-ricklingen.de\/?page_id=86"},"modified":"2026-03-31T12:00:22","modified_gmt":"2026-03-31T12:00:22","slug":"kleinkaliber","status":"publish","type":"page","link":"https:\/\/sg-ricklingen.de\/?page_id=86","title":{"rendered":"Kleinkaliber"},"content":{"rendered":"\n<p style=\"font-size:18px\">Das Kleinkaliberschie\u00dfen ist eine spannende Erweiterung unseres Trainingsangebots und bietet eine ganz eigene Mischung aus Pr\u00e4zision, Ruhe und Technik. Viele entdecken dabei eine neue Herausforderung, die sich deutlich vom Luftdruckschie\u00dfen unterscheidet und noch einmal andere F\u00e4higkeiten fordert.<\/p>\n\n\n\n<div style=\"height:20px\" aria-hidden=\"true\" class=\"wp-block-spacer\"><\/div>\n\n\n\n<p style=\"font-size:18px\">Da wir Vereinsgewehre und -pistolen bereitstellen, kannst du den Sport ganz unkompliziert ausprobieren, ohne eigene Ausr\u00fcstung und unter fachkundiger Anleitung. Besonders wichtig ist uns ein sicherer Umgang mit den Sportger\u00e4ten, weshalb das Training ausschlie\u00dflich unter Aufsicht qualifizierter Sch\u00fctzinnen und Sch\u00fctzen stattfindet.<\/p>\n\n\n\n<div style=\"height:20px\" aria-hidden=\"true\" class=\"wp-block-spacer\"><\/div>\n\n\n\n<p style=\"font-size:18px\">Ob du erste Erfahrungen sammeln m\u00f6chtest oder bereits Ambitionen f\u00fcr Wettk\u00e4mpfe hast: Beim Kleinkaliber findest du eine abwechslungsreiche Disziplin, die Konzentration und K\u00f6rperbeherrschung auf besondere Weise verbindet. Wir freuen uns \u00fcber jede und jeden, der Interesse hat, diesen Bereich kennenzulernen.<\/p>\n\n\n\n<div style=\"height:50px\" aria-hidden=\"true\" class=\"wp-block-spacer\"><\/div>\n\n\n\n<div class=\"wp-block-columns is-layout-flex wp-container-core-columns-is-layout-9d6595d7 wp-block-columns-is-layout-flex\">\n<div class=\"wp-block-column is-layout-flow wp-block-column-is-layout-flow\">\n<p class=\"has-text-align-center\" style=\"font-size:18px\"><strong>&#x1f552; Training:<\/strong> <br>Bedarf und Absprache<\/p>\n\n\n\n<div style=\"height:20px\" aria-hidden=\"true\" class=\"wp-block-spacer\"><\/div>\n\n\n\n<p class=\"has-text-align-center\" style=\"font-size:18px\"><strong>Teilnahme ab:<\/strong><br>ab 16 Jahren<\/p>\n\n\n\n<div style=\"height:20px\" aria-hidden=\"true\" class=\"wp-block-spacer\"><\/div>\n\n\n\n<p class=\"has-text-align-center\" style=\"font-size:18px\"><strong>&#x1f4e7; Kontakt:<\/strong> <br>Sebastian Buntrock<br>schiessen@sg-ricklingen.de<\/p>\n<\/div>\n<\/div>\n\n\n\n<div style=\"height:20px\" aria-hidden=\"true\" class=\"wp-block-spacer\"><\/div>\n\n\n\n<p><\/p>\n","protected":false},"excerpt":{"rendered":"<p>Das Kleinkaliberschie\u00dfen ist eine spannende Erweiterung unseres Trainingsangebots und bietet eine ganz eigene Mischung aus Pr\u00e4zision, Ruhe und Technik. Viele entdecken dabei eine neue Herausforderung, die sich deutlich vom Luftdruckschie\u00dfen unterscheidet<a class=\"read-more\" href=\"https:\/\/sg-ricklingen.de\/?page_id=86\">Mehr erfahren<\/a><\/p>\n","protected":false},"author":1,"featured_media":915,"parent":31,"menu_order":0,"comment_status":"closed","ping_status":"closed","template":"","meta":{"footnotes":""},"class_list":["post-86","page","type-page","status-publish","has-post-thumbnail","hentry"],"_links":{"self":[{"href":"https:\/\/sg-ricklingen.de\/index.php?rest_route=\/wp\/v2\/pages\/86","targetHints":{"allow":["GET"]}}],"collection":[{"href":"https:\/\/sg-ricklingen.de\/index.php?rest_route=\/wp\/v2\/pages"}],"about":[{"href":"https:\/\/sg-ricklingen.de\/index.php?rest_route=\/wp\/v2\/types\/page"}],"author":[{"embeddable":true,"href":"https:\/\/sg-ricklingen.de\/index.php?rest_route=\/wp\/v2\/users\/1"}],"replies":[{"embeddable":true,"href":"https:\/\/sg-ricklingen.de\/index.php?rest_route=%2Fwp%2Fv2%2Fcomments&post=86"}],"version-history":[{"count":8,"href":"https:\/\/sg-ricklingen.de\/index.php?rest_route=\/wp\/v2\/pages\/86\/revisions"}],"predecessor-version":[{"id":2717,"href":"https:\/\/sg-ricklingen.de\/index.php?rest_route=\/wp\/v2\/pages\/86\/revisions\/2717"}],"up":[{"embeddable":true,"href":"https:\/\/sg-ricklingen.de\/index.php?rest_route=\/wp\/v2\/pages\/31"}],"wp:featuredmedia":[{"embeddable":true,"href":"https:\/\/sg-ricklingen.de\/index.php?rest_route=\/wp\/v2\/media\/915"}],"wp:attachment":[{"href":"https:\/\/sg-ricklingen.de\/index.php?rest_route=%2Fwp%2Fv2%2Fmedia&parent=86"}],"curies":[{"name":"wp","href":"https:\/\/api.w.org\/{rel}","templated":true}]}}