{"id":682,"date":"2022-07-01T10:42:56","date_gmt":"2022-07-01T10:42:56","guid":{"rendered":"http:\/\/sg-ricklingen.de\/?page_id=682"},"modified":"2026-04-15T11:09:08","modified_gmt":"2026-04-15T11:09:08","slug":"wie-werde-ich-schuetze","status":"publish","type":"page","link":"https:\/\/sg-ricklingen.de\/?page_id=682","title":{"rendered":"Wie werde ich Sch\u00fctze?"},"content":{"rendered":"\n<div style=\"height:20px\" aria-hidden=\"true\" class=\"wp-block-spacer\"><\/div>\n\n\n\n<p style=\"font-size:20px\"><strong>Wie werde ich Mitglied in der Sch\u00fctzengesellschaft?<\/strong><\/p>\n\n\n\n<p style=\"font-size:18px\">Jede\/r der am Schie\u00dfsport und an unserer Gesellschaft interessiert ist, ist bei uns herzlich willkommen.<\/p>\n\n\n\n<p style=\"font-size:18px\">An unseren <a href=\"https:\/\/sg-ricklingen.de\/?page_id=98\" target=\"_blank\" rel=\"noopener noreferrer\">Schie\u00dfabenden<\/a> habt ihr jederzeit die M\u00f6glichkeit, uns pers\u00f6nlich kennenzulernen und euch \u00fcber den Sport und die Gesellschaft zu informieren.<\/p>\n\n\n\n<p style=\"font-size:18px\">Wenn wir uns kennengelernt haben und ihr Mitglied werden m\u00f6chtet, dann f\u00fcllt einfach den folgenden Aufnahmeantrag aus und bringt ihn an einem Trainingsabend vorbei:<\/p>\n\n\n\n<p style=\"font-size:18px\"><a href=\"https:\/\/sg-ricklingen.de\/wp-content\/uploads\/2024\/08\/2024.08.25_Aufnahmeantrag_SGR_V3.0_online.pdf\">2024.08.25_Aufnahmeantrag_SGR_V3.0_online<\/a><\/p>\n\n\n\n<div style=\"height:20px\" aria-hidden=\"true\" class=\"wp-block-spacer\"><\/div>\n\n\n\n<p style=\"font-size:20px\"><strong>Kann ich einfach vorbeikommen?<\/strong><\/p>\n\n\n\n<p style=\"font-size:18px\">Klar k\u00f6nnt ihr uns&nbsp;jederzeit an unseren <a href=\"https:\/\/sg-ricklingen.de\/?page_id=98\">Schie\u00dfabenden<\/a> besuchen. \u00dcber eine kurze vorherige Anmeldung per <a href=\"https:\/\/sg-ricklingen.de\/?page_id=124\" data-type=\"page\" data-id=\"124\" target=\"_blank\" rel=\"noreferrer noopener\">Mail oder Telefon<\/a> w\u00fcrden wir uns nat\u00fcrlich freuen. Das gibt auch uns die M\u00f6glichkeit, dir direkt einen Einblick in den Schie\u00dfsport zu erm\u00f6glichen.<\/p>\n\n\n\n<div style=\"height:20px\" aria-hidden=\"true\" class=\"wp-block-spacer\"><\/div>\n\n\n\n<p style=\"font-size:20px\"><strong>Welche Kosten kommen auf mich zu?<\/strong><\/p>\n\n\n\n<p style=\"font-size:18px\">Zun\u00e4chst einmal m\u00f6chten wir uns gegenseitig kennenlernen. Daher sind die ersten Male Probetraining selbstverst\u00e4ndlich kostenfrei.<\/p>\n\n\n\n<p style=\"font-size:18px\">Solltest du dich f\u00fcr den Sport und unsere Gesellschaft entschlie\u00dfen, kannst du einen Antrag auf Mitgliedschaft stellen.<\/p>\n\n\n\n<p style=\"font-size:18px\">Diese kostet:<\/p>\n\n\n\n<p style=\"font-size:18px\">Aufnahmegeb\u00fchr: einmalig 20\u20ac<\/p>\n\n\n\n<p style=\"font-size:18px\">Damen \/ Herren: monatlich 12,50 \u20ac<\/p>\n\n\n\n<p style=\"font-size:18px\">Jugendliche (bis 21 Jahre): monatlich 3\u20ac<\/p>\n\n\n\n<div style=\"height:20px\" aria-hidden=\"true\" class=\"wp-block-spacer\"><\/div>\n\n\n\n<p style=\"font-size:20px\"><strong>Was kostet die Ausr\u00fcstung?<\/strong><\/p>\n\n\n\n<p style=\"font-size:18px\">In unserer Gesellschaft sind vom Amateur bis zum Profi alle Leistungsklassen vertreten. Genauso variieren auch die Kosten f\u00fcr die Ausr\u00fcstung.<\/p>\n\n\n\n<p style=\"font-size:18px\">Ein eigenes Gewehr oder einen eigenen Bogen ben\u00f6tigst du am Anfang nicht. F\u00fcr die erste Zeit kann der Verein Waffen f\u00fcr alle Disziplinen stellen. Lediglich Kosten f\u00fcr die Munition fallen an.<\/p>\n\n\n\n<p style=\"font-size:18px\">Sp\u00e4ter kann man sich, wen man m\u00f6chte eine eigene Waffe f\u00fcr die gew\u00fcnschte Disziplin zulegen.<\/p>\n\n\n\n<div style=\"height:20px\" aria-hidden=\"true\" class=\"wp-block-spacer\"><\/div>\n\n\n\n<p style=\"font-size:20px\"><strong>Wie kann ich die Gesellschaft und den Schie\u00dfsport unterst\u00fctzen?<\/strong><\/p>\n\n\n\n<p style=\"font-size:18px\">Wir freuen uns jederzeit \u00fcber neue Sponsoren. Du hast die M\u00f6glichkeit in unserer Vereinszeitung zu inserieren, auch \u00fcber Spenden freuen wir uns.<\/p>\n\n\n\n<p style=\"font-size:18px\">Sprich uns gerne pers\u00f6nlich an. F\u00fcr Inserate in unser Zeitung schreibst du am besten eine Mails an <strong>zeitung@sg-ricklingen.de<\/strong> und f\u00fcr Spenden erreichst du uns unter<strong> sponsoren@sg-ricklingen.de<\/strong> an.<\/p>\n","protected":false},"excerpt":{"rendered":"<p>Wie werde ich Mitglied in der Sch\u00fctzengesellschaft? Jede\/r der am Schie\u00dfsport und an unserer Gesellschaft interessiert ist, ist bei uns herzlich willkommen. An unseren Schie\u00dfabenden habt ihr jederzeit die M\u00f6glichkeit, uns<a class=\"read-more\" href=\"https:\/\/sg-ricklingen.de\/?page_id=682\">Mehr erfahren<\/a><\/p>\n","protected":false},"author":1,"featured_media":0,"parent":19,"menu_order":99,"comment_status":"closed","ping_status":"closed","template":"","meta":{"footnotes":""},"class_list":["post-682","page","type-page","status-publish","hentry"],"_links":{"self":[{"href":"https:\/\/sg-ricklingen.de\/index.php?rest_route=\/wp\/v2\/pages\/682","targetHints":{"allow":["GET"]}}],"collection":[{"href":"https:\/\/sg-ricklingen.de\/index.php?rest_route=\/wp\/v2\/pages"}],"about":[{"href":"https:\/\/sg-ricklingen.de\/index.php?rest_route=\/wp\/v2\/types\/page"}],"author":[{"embeddable":true,"href":"https:\/\/sg-ricklingen.de\/index.php?rest_route=\/wp\/v2\/users\/1"}],"replies":[{"embeddable":true,"href":"https:\/\/sg-ricklingen.de\/index.php?rest_route=%2Fwp%2Fv2%2Fcomments&post=682"}],"version-history":[{"count":20,"href":"https:\/\/sg-ricklingen.de\/index.php?rest_route=\/wp\/v2\/pages\/682\/revisions"}],"predecessor-version":[{"id":2882,"href":"https:\/\/sg-ricklingen.de\/index.php?rest_route=\/wp\/v2\/pages\/682\/revisions\/2882"}],"up":[{"embeddable":true,"href":"https:\/\/sg-ricklingen.de\/index.php?rest_route=\/wp\/v2\/pages\/19"}],"wp:attachment":[{"href":"https:\/\/sg-ricklingen.de\/index.php?rest_route=%2Fwp%2Fv2%2Fmedia&parent=682"}],"curies":[{"name":"wp","href":"https:\/\/api.w.org\/{rel}","templated":true}]}}