{"id":565,"date":"2018-03-15T11:17:01","date_gmt":"2018-03-15T11:17:01","guid":{"rendered":"http:\/\/sg-ricklingen.de\/?page_id=565"},"modified":"2026-04-08T08:55:38","modified_gmt":"2026-04-08T08:55:38","slug":"mediathek","status":"publish","type":"page","link":"https:\/\/sg-ricklingen.de\/?page_id=565","title":{"rendered":"Mediathek"},"content":{"rendered":"\n<p style=\"font-size:18px\"><a href=\"https:\/\/www.youtube.com\/watch?v=DhTyrQRagko\">VIDEO: Schie\u00dfsport in Hannover [VHS]<\/a><\/p>\n\n\n\n<p style=\"font-size:18px\"><a href=\"https:\/\/www.spiegel.de\/video\/schuetzenfest-hannover-1-video-99010991.html\">VIDEO: Sch\u00fctzenfest in Hannover &#8211; Teil 1 [SPIEGEL.TV]<\/a><\/p>\n\n\n\n<p style=\"font-size:18px\"><a href=\"https:\/\/www.spiegel.de\/video\/schuetzenfest-hannover-2-video-99010996.html\">VIDEO: Sch\u00fctzenfest in Hannover &#8211; Teil 2 [SPIEGEL.TV]<\/a><\/p>\n\n\n\n<p><\/p>\n","protected":false},"excerpt":{"rendered":"<p>VIDEO: Schie\u00dfsport in Hannover [VHS] VIDEO: Sch\u00fctzenfest in Hannover &#8211; Teil 1 [SPIEGEL.TV] VIDEO: Sch\u00fctzenfest in Hannover &#8211; Teil 2 [SPIEGEL.TV]<\/p>\n","protected":false},"author":1,"featured_media":0,"parent":19,"menu_order":0,"comment_status":"closed","ping_status":"closed","template":"","meta":{"footnotes":""},"class_list":["post-565","page","type-page","status-publish","hentry"],"_links":{"self":[{"href":"https:\/\/sg-ricklingen.de\/index.php?rest_route=\/wp\/v2\/pages\/565","targetHints":{"allow":["GET"]}}],"collection":[{"href":"https:\/\/sg-ricklingen.de\/index.php?rest_route=\/wp\/v2\/pages"}],"about":[{"href":"https:\/\/sg-ricklingen.de\/index.php?rest_route=\/wp\/v2\/types\/page"}],"author":[{"embeddable":true,"href":"https:\/\/sg-ricklingen.de\/index.php?rest_route=\/wp\/v2\/users\/1"}],"replies":[{"embeddable":true,"href":"https:\/\/sg-ricklingen.de\/index.php?rest_route=%2Fwp%2Fv2%2Fcomments&post=565"}],"version-history":[{"count":7,"href":"https:\/\/sg-ricklingen.de\/index.php?rest_route=\/wp\/v2\/pages\/565\/revisions"}],"predecessor-version":[{"id":2808,"href":"https:\/\/sg-ricklingen.de\/index.php?rest_route=\/wp\/v2\/pages\/565\/revisions\/2808"}],"up":[{"embeddable":true,"href":"https:\/\/sg-ricklingen.de\/index.php?rest_route=\/wp\/v2\/pages\/19"}],"wp:attachment":[{"href":"https:\/\/sg-ricklingen.de\/index.php?rest_route=%2Fwp%2Fv2%2Fmedia&parent=565"}],"curies":[{"name":"wp","href":"https:\/\/api.w.org\/{rel}","templated":true}]}}