{"id":549,"date":"2022-06-26T20:07:40","date_gmt":"2022-06-26T20:07:40","guid":{"rendered":"http:\/\/sg-ricklingen.de\/?page_id=549"},"modified":"2026-04-08T11:17:43","modified_gmt":"2026-04-08T11:17:43","slug":"vereine-und-verbaende","status":"publish","type":"page","link":"https:\/\/sg-ricklingen.de\/?page_id=549","title":{"rendered":"Vereine und Verb\u00e4nde"},"content":{"rendered":"\n<p style=\"font-size:18px\">Die <strong>Sch\u00fctzengesellschaft Ricklingen von 1853 e.V.<\/strong> ist in mehreren Vereinen und Verb\u00e4nden organisiert und damit fest in der hannoverschen und regionalen Vereinslandschaft verankert.<\/p>\n\n\n\n<p style=\"font-size:18px\">Wir sind Mitglied im <strong>Verband Hannoverscher Sch\u00fctzenvereine e.V. (VHS)<\/strong>, im <strong>Nieders\u00e4chsischen Sportsch\u00fctzenverband (NSSV)<\/strong> sowie im <strong>Deutschen Sch\u00fctzenbund (DSB)<\/strong>. Dar\u00fcber hinaus geh\u00f6ren wir selbstverst\u00e4ndlich auch dem <strong>Stadtsportbund Hannover (SSB Hannover)<\/strong> an.<\/p>\n\n\n\n<p style=\"font-size:18px\">Der <strong>Verband Hannoverscher Sch\u00fctzenvereine e.V.<\/strong> ist der Kreissch\u00fctzenverband der Landeshauptstadt Hannover und bildet die Dachorganisation f\u00fcr derzeit 57 Sch\u00fctzenvereine mit rund 3.500 Mitgliedern.<\/p>\n\n\n\n<div style=\"height:20px\" aria-hidden=\"true\" class=\"wp-block-spacer\"><\/div>\n\n\n\n<div class=\"wp-block-columns is-layout-flex wp-container-core-columns-is-layout-9d6595d7 wp-block-columns-is-layout-flex\">\n<div class=\"wp-block-column is-layout-flow wp-block-column-is-layout-flow\"><div class=\"wp-block-image\">\n<figure class=\"aligncenter size-full is-resized\"><img loading=\"lazy\" decoding=\"async\" width=\"833\" height=\"973\" src=\"https:\/\/sg-ricklingen.de\/wp-content\/uploads\/2026\/04\/Stadtplan-Hannover.png\" alt=\"\" class=\"wp-image-2812\" style=\"width:419px;height:auto\" srcset=\"https:\/\/sg-ricklingen.de\/wp-content\/uploads\/2026\/04\/Stadtplan-Hannover.png 833w, https:\/\/sg-ricklingen.de\/wp-content\/uploads\/2026\/04\/Stadtplan-Hannover-257x300.png 257w, https:\/\/sg-ricklingen.de\/wp-content\/uploads\/2026\/04\/Stadtplan-Hannover-768x897.png 768w, https:\/\/sg-ricklingen.de\/wp-content\/uploads\/2026\/04\/Stadtplan-Hannover-520x607.png 520w, https:\/\/sg-ricklingen.de\/wp-content\/uploads\/2026\/04\/Stadtplan-Hannover-740x864.png 740w\" sizes=\"auto, (max-width: 833px) 100vw, 833px\" \/><\/figure>\n<\/div><\/div>\n<\/div>\n\n\n\n<div style=\"height:20px\" aria-hidden=\"true\" class=\"wp-block-spacer\"><\/div>\n\n\n\n<p style=\"font-size:18px\">Zus\u00e4tzlich ist die Sch\u00fctzengesellschaft Ricklingen Mitglied der <strong>Arbeitsgemeinschaft Ricklinger Vereine (ARV)<\/strong>. Die ARV vereint seit 1957 die Ricklinger Vereine, vertritt deren Interessen und organisiert gemeinschaftliche Veranstaltungen wie den <em>Tag der Ricklinger<\/em>.<\/p>\n\n\n\n<p style=\"font-size:18px\">Eine besondere Verbundenheit besteht zudem mit dem <strong>MGMV Burgstemmen von 1869 e.V.<\/strong>. Das Blasorchester des MGMV begleitet die Ricklinger Sch\u00fctzen seit vielen Jahren beim gro\u00dfen Sch\u00fctzenausmarsch durch Hannover sowie beim j\u00e4hrlichen Abholen der besten Sch\u00fctzinnen und Sch\u00fctzen. Aus dieser langj\u00e4hrigen Freundschaft heraus besteht eine gegenseitige Mitgliedschaft zwischen der SG Ricklingen und dem MGMV Burgstemmen.<\/p>\n","protected":false},"excerpt":{"rendered":"<p>Die Sch\u00fctzengesellschaft Ricklingen von 1853 e.V. ist in mehreren Vereinen und Verb\u00e4nden organisiert und damit fest in der hannoverschen und regionalen Vereinslandschaft verankert. Wir sind Mitglied im Verband Hannoverscher Sch\u00fctzenvereine e.V.<a class=\"read-more\" href=\"https:\/\/sg-ricklingen.de\/?page_id=549\">Mehr erfahren<\/a><\/p>\n","protected":false},"author":1,"featured_media":0,"parent":19,"menu_order":0,"comment_status":"closed","ping_status":"closed","template":"","meta":{"footnotes":""},"class_list":["post-549","page","type-page","status-publish","hentry"],"_links":{"self":[{"href":"https:\/\/sg-ricklingen.de\/index.php?rest_route=\/wp\/v2\/pages\/549","targetHints":{"allow":["GET"]}}],"collection":[{"href":"https:\/\/sg-ricklingen.de\/index.php?rest_route=\/wp\/v2\/pages"}],"about":[{"href":"https:\/\/sg-ricklingen.de\/index.php?rest_route=\/wp\/v2\/types\/page"}],"author":[{"embeddable":true,"href":"https:\/\/sg-ricklingen.de\/index.php?rest_route=\/wp\/v2\/users\/1"}],"replies":[{"embeddable":true,"href":"https:\/\/sg-ricklingen.de\/index.php?rest_route=%2Fwp%2Fv2%2Fcomments&post=549"}],"version-history":[{"count":8,"href":"https:\/\/sg-ricklingen.de\/index.php?rest_route=\/wp\/v2\/pages\/549\/revisions"}],"predecessor-version":[{"id":2815,"href":"https:\/\/sg-ricklingen.de\/index.php?rest_route=\/wp\/v2\/pages\/549\/revisions\/2815"}],"up":[{"embeddable":true,"href":"https:\/\/sg-ricklingen.de\/index.php?rest_route=\/wp\/v2\/pages\/19"}],"wp:attachment":[{"href":"https:\/\/sg-ricklingen.de\/index.php?rest_route=%2Fwp%2Fv2%2Fmedia&parent=549"}],"curies":[{"name":"wp","href":"https:\/\/api.w.org\/{rel}","templated":true}]}}