{"id":522,"date":"2019-03-21T19:33:02","date_gmt":"2019-03-21T19:33:02","guid":{"rendered":"http:\/\/sg-ricklingen.de\/?page_id=522"},"modified":"2026-03-25T12:45:49","modified_gmt":"2026-03-25T12:45:49","slug":"bruchmeister","status":"publish","type":"page","link":"https:\/\/sg-ricklingen.de\/?page_id=522","title":{"rendered":"Bruchmeister"},"content":{"rendered":"\n<p>Seit 1303 gibt es in Hannover das Ehrenamt der Bruchmeister, vor 700 Jahren waren die Bruchmeister die Ordnungsh\u00fcter der Stadt Hannover und Tr\u00e4ger der 4 St\u00e4dtischen Fahnen. Sie standen den 4 Stadtbezirken Osterstra\u00dfe, Marktstra\u00dfe, Leinstra\u00dfe, K\u00f6belingerstra\u00dfe.<\/p>\n\n\n\n<p>Heute sind die 4 Bruchmeister, die jedes Jahr bei der Bruchmeisterverpflichtung vom Oberb\u00fcrgermeister verpflichtet werden, besonders mit dem Sch\u00fctzenwesen verbunden. Die Bruchmeisterverpflichtung ist der offizielle Start des Hannoverschen Sch\u00fctzenfestes. Seit 1825 tragen die 4 Bruchmeister den 4 Z\u00fcgen des Sch\u00fctzenausmarsches die St\u00e4dtischen Standarten voran.<\/p>\n\n\n\n<p>Seit dem 14. Jahrhundert sind die Voraussetzungen festgeschrieben, die ein Hannoveraner erf\u00fcllen muss, der sich um das Amt des Bruchmeisters bewirbt. Er muss \u201e<i>ledig, unbescholten, von gutem Leumund und Charakter<\/i>\u201c sein und seit 1935 auch Mitglied eines der&nbsp;Sch\u00fctzenvereine&nbsp;in Hannover sowie nicht \u00e4lter als 35 Jahre sein.<\/p>\n\n\n\n<p>Zus\u00e4tzliche Informationen zum Thema Bruchmeister k\u00f6nnen auf der Seite des&nbsp;&nbsp;<strong><a href=\"http:\/\/www.bruchmeister.info\">Collegium der ehemaligen Bruchmeister<\/a><\/strong>&nbsp;nachgelesen werden.<\/p>\n\n\n\n<p>Auch die Ricklinger Sch\u00fctzen sind enge mit den Bruchmeister verbunden und haben in den letzten Jahren eine Vielzahl an Bruchmeistern gestellt.<\/p>\n\n\n\n<p class=\"has-text-align-center\">1977 Holger Wenck<\/p>\n\n\n\n<p class=\"has-text-align-center\">1979 Winfried Buntrock<\/p>\n\n\n\n<p class=\"has-text-align-center\">1983 Carsten Goldmann<\/p>\n\n\n\n<p class=\"has-text-align-center\">1985 Michael Hartmann<\/p>\n\n\n\n<p class=\"has-text-align-center\">1994 Olaf Dahms<\/p>\n\n\n\n<p class=\"has-text-align-center\">1996 Timm Geuke<\/p>\n\n\n\n<p class=\"has-text-align-center\">2009 Florian Buntrock<\/p>\n\n\n\n<p class=\"has-text-align-center\">2009 Sebastian Buntrock<\/p>\n\n\n\n<p class=\"has-text-align-center\">2010 Timo Meier<\/p>\n\n\n\n<p class=\"has-text-align-center\">2012 Simon Oelker<\/p>\n\n\n\n<p class=\"has-text-align-center\">2018 David Rosenbaum<\/p>\n\n\n\n<p class=\"has-text-align-center\">2018 Sascha Heering<\/p>\n\n\n\n<p class=\"has-text-align-center\">2019 Dominik Bulitta<\/p>\n\n\n\n<p class=\"has-text-align-center\">2022 Vanessa Smorra<\/p>\n\n\n<div class=\"wp-block-image\">\n<figure class=\"aligncenter size-large is-resized\"><img loading=\"lazy\" decoding=\"async\" width=\"1024\" height=\"681\" src=\"https:\/\/sg-ricklingen.de\/wp-content\/uploads\/2026\/03\/b247c964-de96-4fbc-8d53-d9feb26bf079-1024x681.jpeg\" alt=\"\" class=\"wp-image-2298\" style=\"aspect-ratio:1.5037593984962405;width:756px;height:auto\" srcset=\"https:\/\/sg-ricklingen.de\/wp-content\/uploads\/2026\/03\/b247c964-de96-4fbc-8d53-d9feb26bf079-1024x681.jpeg 1024w, https:\/\/sg-ricklingen.de\/wp-content\/uploads\/2026\/03\/b247c964-de96-4fbc-8d53-d9feb26bf079-300x200.jpeg 300w, https:\/\/sg-ricklingen.de\/wp-content\/uploads\/2026\/03\/b247c964-de96-4fbc-8d53-d9feb26bf079-768x511.jpeg 768w, https:\/\/sg-ricklingen.de\/wp-content\/uploads\/2026\/03\/b247c964-de96-4fbc-8d53-d9feb26bf079-1536x1021.jpeg 1536w, https:\/\/sg-ricklingen.de\/wp-content\/uploads\/2026\/03\/b247c964-de96-4fbc-8d53-d9feb26bf079-390x260.jpeg 390w, https:\/\/sg-ricklingen.de\/wp-content\/uploads\/2026\/03\/b247c964-de96-4fbc-8d53-d9feb26bf079-520x346.jpeg 520w, https:\/\/sg-ricklingen.de\/wp-content\/uploads\/2026\/03\/b247c964-de96-4fbc-8d53-d9feb26bf079-740x492.jpeg 740w, https:\/\/sg-ricklingen.de\/wp-content\/uploads\/2026\/03\/b247c964-de96-4fbc-8d53-d9feb26bf079.jpeg 1600w\" sizes=\"auto, (max-width: 1024px) 100vw, 1024px\" \/><\/figure>\n<\/div>\n\n\n<p><\/p>\n","protected":false},"excerpt":{"rendered":"<p>Seit 1303 gibt es in Hannover das Ehrenamt der Bruchmeister, vor 700 Jahren waren die Bruchmeister die Ordnungsh\u00fcter der Stadt Hannover und Tr\u00e4ger der 4 St\u00e4dtischen Fahnen. Sie standen den 4<a class=\"read-more\" href=\"https:\/\/sg-ricklingen.de\/?page_id=522\">Mehr erfahren<\/a><\/p>\n","protected":false},"author":1,"featured_media":0,"parent":19,"menu_order":0,"comment_status":"closed","ping_status":"closed","template":"","meta":{"footnotes":""},"class_list":["post-522","page","type-page","status-publish","hentry"],"_links":{"self":[{"href":"https:\/\/sg-ricklingen.de\/index.php?rest_route=\/wp\/v2\/pages\/522","targetHints":{"allow":["GET"]}}],"collection":[{"href":"https:\/\/sg-ricklingen.de\/index.php?rest_route=\/wp\/v2\/pages"}],"about":[{"href":"https:\/\/sg-ricklingen.de\/index.php?rest_route=\/wp\/v2\/types\/page"}],"author":[{"embeddable":true,"href":"https:\/\/sg-ricklingen.de\/index.php?rest_route=\/wp\/v2\/users\/1"}],"replies":[{"embeddable":true,"href":"https:\/\/sg-ricklingen.de\/index.php?rest_route=%2Fwp%2Fv2%2Fcomments&post=522"}],"version-history":[{"count":10,"href":"https:\/\/sg-ricklingen.de\/index.php?rest_route=\/wp\/v2\/pages\/522\/revisions"}],"predecessor-version":[{"id":2299,"href":"https:\/\/sg-ricklingen.de\/index.php?rest_route=\/wp\/v2\/pages\/522\/revisions\/2299"}],"up":[{"embeddable":true,"href":"https:\/\/sg-ricklingen.de\/index.php?rest_route=\/wp\/v2\/pages\/19"}],"wp:attachment":[{"href":"https:\/\/sg-ricklingen.de\/index.php?rest_route=%2Fwp%2Fv2%2Fmedia&parent=522"}],"curies":[{"name":"wp","href":"https:\/\/api.w.org\/{rel}","templated":true}]}}