{"id":457,"date":"2018-01-31T20:28:02","date_gmt":"2018-01-31T20:28:02","guid":{"rendered":"http:\/\/sg-ricklingen.de\/?page_id=457"},"modified":"2026-04-30T12:21:17","modified_gmt":"2026-04-30T12:21:17","slug":"der-ricklinger-schuetze","status":"publish","type":"page","link":"https:\/\/sg-ricklingen.de\/?page_id=457","title":{"rendered":"&#8222;Der Ricklinger Sch\u00fctze&#8220;"},"content":{"rendered":"\n<p style=\"font-size:18px\">Seit <strong>1981<\/strong> begleitet unsere Vereinszeitschrift <em>Der Ricklinger Sch\u00fctze<\/em> das Leben der SG Ricklingen \u2013 viermal im Jahr, zuverl\u00e4ssig, liebevoll gestaltet und immer mit dem Blick auf das, was unseren Verein ausmacht. Was damals als kleines Informationsblatt begann, hat sich \u00fcber die Jahrzehnte zu einem festen Bestandteil unseres Vereinsalltags entwickelt. Viele Mitglieder verbinden mit dem Magazin nicht nur Neuigkeiten, sondern auch ein St\u00fcck Heimatgef\u00fchl: Man bl\u00e4ttert, entdeckt bekannte Gesichter, liest von Erfolgen, Terminen und Geschichten, die das Vereinsleben lebendig halten.<\/p>\n\n\n\n<p style=\"font-size:18px\">Hinter jeder Ausgabe steht ein Redaktionsteam, das mit viel Engagement daf\u00fcr sorgt, dass der <em>Ricklinger Sch\u00fctze<\/em> mehr ist als nur ein Informationsheft. Das Redaktionsteam sammelt Berichte, bereitet Ergebnisse auf, f\u00fchrt Gespr\u00e4che, redigiert Texte und beh\u00e4lt den \u00dcberblick \u00fcber all die gro\u00dfen und kleinen Ereignisse, die unseren Verein pr\u00e4gen. Durch ihre Arbeit entsteht jedes Quartal ein Magazin, das den Charakter der SG Ricklingen widerspiegelt: bodenst\u00e4ndig, herzlich und voller Leben.<\/p>\n\n\n\n<p style=\"font-size:18px\">Dass der <em>Ricklinger Sch\u00fctze<\/em> seit so vielen Jahren regelm\u00e4\u00dfig erscheinen kann, verdanken wir auch der Unterst\u00fctzung zahlreicher Ricklinger Unternehmen. Viele von ihnen begleiten uns schon seit Jahrzehnten mit ihren Anzeigen. Diese Treue ist nicht selbstverst\u00e4ndlich und wir m\u00f6chten uns daf\u00fcr ausdr\u00fccklich bedanken.<\/p>\n\n\n\n<p style=\"font-size:18px\">Wer selbst Teil dieser Tradition werden und eine Anzeige im <em>Ricklinger Sch\u00fctzen<\/em> schalten m\u00f6chte, ist herzlich eingeladen, sich bei uns zu melden. Wir freuen uns \u00fcber jedes neue Gesicht, das unser Magazin bereichert und damit auch das Vereinsleben unterst\u00fctzt.<\/p>\n\n\n\n<div style=\"height:20px\" aria-hidden=\"true\" class=\"wp-block-spacer\"><\/div>\n\n\n\n<p class=\"has-text-align-center\" style=\"font-size:20px\"><strong>Der Ricklinger Sch\u00fctze zum Download (aktuelle Ausgabe):<\/strong><\/p>\n\n\n\n<div style=\"height:20px\" aria-hidden=\"true\" class=\"wp-block-spacer\"><\/div>\n\n\n<div class=\"wp-block-image\">\n<figure class=\"aligncenter size-full is-resized\"><a href=\"https:\/\/sg-ricklingen.de\/wp-content\/uploads\/2026\/02\/181_online.pdf\" target=\"_blank\" rel=\" noreferrer noopener\"><img loading=\"lazy\" decoding=\"async\" width=\"651\" height=\"922\" src=\"https:\/\/sg-ricklingen.de\/wp-content\/uploads\/2025\/02\/Der-Ricklinger-Schuetze_Titelblatt_179.jpg\" alt=\"\" class=\"wp-image-1990\" style=\"aspect-ratio:0.7060692484739317;width:318px;height:auto\" srcset=\"https:\/\/sg-ricklingen.de\/wp-content\/uploads\/2025\/02\/Der-Ricklinger-Schuetze_Titelblatt_179.jpg 651w, https:\/\/sg-ricklingen.de\/wp-content\/uploads\/2025\/02\/Der-Ricklinger-Schuetze_Titelblatt_179-212x300.jpg 212w, https:\/\/sg-ricklingen.de\/wp-content\/uploads\/2025\/02\/Der-Ricklinger-Schuetze_Titelblatt_179-520x736.jpg 520w\" sizes=\"auto, (max-width: 651px) 100vw, 651px\" \/><\/a><\/figure>\n<\/div>\n\n\n<div style=\"height:20px\" aria-hidden=\"true\" class=\"wp-block-spacer\"><\/div>\n\n\n\n<figure class=\"wp-block-image size-large\"><img loading=\"lazy\" decoding=\"async\" width=\"1024\" height=\"68\" src=\"https:\/\/sg-ricklingen.de\/wp-content\/uploads\/2025\/02\/Trennlinie-5-1024x68.jpg\" alt=\"\" class=\"wp-image-1695\" srcset=\"https:\/\/sg-ricklingen.de\/wp-content\/uploads\/2025\/02\/Trennlinie-5-1024x68.jpg 1024w, https:\/\/sg-ricklingen.de\/wp-content\/uploads\/2025\/02\/Trennlinie-5-300x20.jpg 300w, https:\/\/sg-ricklingen.de\/wp-content\/uploads\/2025\/02\/Trennlinie-5-768x51.jpg 768w, https:\/\/sg-ricklingen.de\/wp-content\/uploads\/2025\/02\/Trennlinie-5-520x35.jpg 520w, https:\/\/sg-ricklingen.de\/wp-content\/uploads\/2025\/02\/Trennlinie-5-740x49.jpg 740w, https:\/\/sg-ricklingen.de\/wp-content\/uploads\/2025\/02\/Trennlinie-5.jpg 1280w\" sizes=\"auto, (max-width: 1024px) 100vw, 1024px\" \/><\/figure>\n\n\n\n<div style=\"height:20px\" aria-hidden=\"true\" class=\"wp-block-spacer\"><\/div>\n\n\n\n<p class=\"has-text-align-center\" style=\"font-size:20px\"><strong>Der Ricklinger Sch\u00fctze zum Download (bisherige Ausgaben):<\/strong><\/p>\n\n\n\n<div style=\"height:20px\" aria-hidden=\"true\" class=\"wp-block-spacer\"><\/div>\n\n\n\n<p class=\"has-text-align-center\" style=\"font-size:18px\"><a href=\"https:\/\/sg-ricklingen.de\/wp-content\/uploads\/2026\/02\/181_online.pdf\">Der Ricklinger Sch\u00fctze, Ausgabe 181_online<\/a><\/p>\n\n\n\n<p class=\"has-text-align-center\" style=\"font-size:18px\"><a href=\"https:\/\/sg-ricklingen.de\/wp-content\/uploads\/2026\/02\/180_online.pdf\" target=\"_blank\" rel=\"noreferrer noopener\">Der Ricklinger Sch\u00fctze, Ausgabe 180_online<\/a><\/p>\n\n\n\n<p class=\"has-text-align-center\" style=\"font-size:18px\"><a href=\"https:\/\/sg-ricklingen.de\/wp-content\/uploads\/2025\/08\/Der-Ricklinger-Schuetze-Ausgabe-179_online.pdf\" target=\"_blank\" rel=\"noreferrer noopener\">Der Ricklinger Sch\u00fctze, Ausgabe 179_online<\/a><\/p>\n\n\n\n<p class=\"has-text-align-center\" style=\"font-size:18px\"><a href=\"https:\/\/sg-ricklingen.de\/wp-content\/uploads\/2025\/08\/Der-Ricklinger-Schuetze-Ausgabe-178_online.pdf\" target=\"_blank\" rel=\"noreferrer noopener\">Der Ricklinger Sch\u00fctze, Ausgabe 178_online<\/a><\/p>\n\n\n\n<p class=\"has-text-align-center\" style=\"font-size:18px\"><a href=\"https:\/\/sg-ricklingen.de\/wp-content\/uploads\/2025\/04\/Der-Ricklinger-Schuetze-Ausgabe-177_online.pdf\" target=\"_blank\" rel=\"noreferrer noopener\">Der Ricklinger Sch\u00fctze, Ausgabe 177_online<\/a><\/p>\n\n\n\n<p class=\"has-text-align-center\" style=\"font-size:18px\"><a href=\"https:\/\/sg-ricklingen.de\/wp-content\/uploads\/2024\/12\/Der-Ricklinger-Schuetze-Ausgabe-176_online-1.pdf\">Der Ricklinger Sch\u00fctze, Ausgabe 176_online<\/a><\/p>\n\n\n\n<p class=\"has-text-align-center\" style=\"font-size:18px\"><a href=\"https:\/\/sg-ricklingen.de\/wp-content\/uploads\/2024\/08\/Der-Ricklinger-Schuetze-Ausgabe-175_online.pdf\">Der Ricklinger Sch\u00fctze, Ausgabe 175_online<\/a><\/p>\n\n\n\n<p><\/p>\n","protected":false},"excerpt":{"rendered":"<p>Seit 1981 begleitet unsere Vereinszeitschrift Der Ricklinger Sch\u00fctze das Leben der SG Ricklingen \u2013 viermal im Jahr, zuverl\u00e4ssig, liebevoll gestaltet und immer mit dem Blick auf das, was unseren Verein ausmacht.<a class=\"read-more\" href=\"https:\/\/sg-ricklingen.de\/?page_id=457\">Mehr erfahren<\/a><\/p>\n","protected":false},"author":1,"featured_media":0,"parent":19,"menu_order":0,"comment_status":"closed","ping_status":"closed","template":"","meta":{"footnotes":""},"class_list":["post-457","page","type-page","status-publish","hentry"],"_links":{"self":[{"href":"https:\/\/sg-ricklingen.de\/index.php?rest_route=\/wp\/v2\/pages\/457","targetHints":{"allow":["GET"]}}],"collection":[{"href":"https:\/\/sg-ricklingen.de\/index.php?rest_route=\/wp\/v2\/pages"}],"about":[{"href":"https:\/\/sg-ricklingen.de\/index.php?rest_route=\/wp\/v2\/types\/page"}],"author":[{"embeddable":true,"href":"https:\/\/sg-ricklingen.de\/index.php?rest_route=\/wp\/v2\/users\/1"}],"replies":[{"embeddable":true,"href":"https:\/\/sg-ricklingen.de\/index.php?rest_route=%2Fwp%2Fv2%2Fcomments&post=457"}],"version-history":[{"count":38,"href":"https:\/\/sg-ricklingen.de\/index.php?rest_route=\/wp\/v2\/pages\/457\/revisions"}],"predecessor-version":[{"id":2944,"href":"https:\/\/sg-ricklingen.de\/index.php?rest_route=\/wp\/v2\/pages\/457\/revisions\/2944"}],"up":[{"embeddable":true,"href":"https:\/\/sg-ricklingen.de\/index.php?rest_route=\/wp\/v2\/pages\/19"}],"wp:attachment":[{"href":"https:\/\/sg-ricklingen.de\/index.php?rest_route=%2Fwp%2Fv2%2Fmedia&parent=457"}],"curies":[{"name":"wp","href":"https:\/\/api.w.org\/{rel}","templated":true}]}}