{"id":35,"date":"2017-07-26T19:44:00","date_gmt":"2017-07-26T19:44:00","guid":{"rendered":"http:\/\/sg-ricklingen.de\/?page_id=35"},"modified":"2026-04-01T09:01:12","modified_gmt":"2026-04-01T09:01:12","slug":"kommissionen","status":"publish","type":"page","link":"https:\/\/sg-ricklingen.de\/?page_id=35","title":{"rendered":"Kommissionen"},"content":{"rendered":"\n<p style=\"font-size:18px\">Der Vorstand der SG Ricklingen wird von einer Vielzahl von Mitgliedern bei seiner Arbeit unterst\u00fctzt. Die Vereinsarbeit wird in einzelnen Kommissionen abgebildet. Allen Mitgliedern steht es frei sich entsprechend ihrer Interessen einzubringen.<\/p>\n\n\n\n<div style=\"height:20px\" aria-hidden=\"true\" class=\"wp-block-spacer\"><\/div>\n\n\n\n<p style=\"font-size:20px\"><u><strong>Sportkommission:<\/strong><\/u><\/p>\n\n\n\n<div class=\"wp-block-columns is-layout-flex wp-container-core-columns-is-layout-9d6595d7 wp-block-columns-is-layout-flex\">\n<div class=\"wp-block-column is-layout-flow wp-block-column-is-layout-flow\">\n<p style=\"font-size:18px\">Die Sportkommission plant, koordiniert und betreut unsere Trainingsabende und Wettk\u00e4mpfe.<\/p>\n\n\n\n<p style=\"font-size:18px\">Leitung: Sebastian Buntrock<\/p>\n\n\n\n<details class=\"wp-block-details is-layout-flow wp-block-details-is-layout-flow\" style=\"font-size:18px\" open><summary>Mitglieder:<\/summary>\n<p style=\"font-size:16px\"><em>Ulrich Behrens, Sebastian Both, Karl-Heinz L\u00fcer, Klaus Mattuscheck, Volker Schneider, Holger Wenck, Winfried Buntrock, Rainer K\u00fcster, Henrik Leifheit,\u00a0 Maren Mocker, Andrea Meier<\/em><\/p>\n<\/details>\n\n\n\n<p style=\"font-size:18px\">Leitung Kleinkaliber: Maren Mocker<\/p>\n\n\n\n<p style=\"font-size:18px\">Leitung Mannschaften: Winfried Buntrock<\/p>\n<\/div>\n<\/div>\n\n\n\n<div style=\"height:20px\" aria-hidden=\"true\" class=\"wp-block-spacer\"><\/div>\n\n\n\n<p style=\"font-size:20px\"><strong><u>Bogenkommission:<\/u><\/strong><\/p>\n\n\n\n<div class=\"wp-block-columns is-layout-flex wp-container-core-columns-is-layout-9d6595d7 wp-block-columns-is-layout-flex\">\n<div class=\"wp-block-column is-layout-flow wp-block-column-is-layout-flow\">\n<p style=\"font-size:18px\">Die Bogenkommission organisiert und begleitet die Trainingsabende der Bogensch\u00fctzen.<\/p>\n\n\n\n<p style=\"font-size:18px\">Leitung: Sven Nagler<\/p>\n\n\n\n<details class=\"wp-block-details is-layout-flow wp-block-details-is-layout-flow\" style=\"font-size:18px\" open><summary>Mitglieder:<\/summary>\n<p style=\"font-size:16px\"><em>Dr. Dominik Hoheisel, G\u00fcnther Spyra<\/em><\/p>\n<\/details>\n<\/div>\n<\/div>\n\n\n\n<div style=\"height:20px\" aria-hidden=\"true\" class=\"wp-block-spacer\"><\/div>\n\n\n\n<p style=\"font-size:20px\"><strong><u>Festkommission:<\/u><\/strong><\/p>\n\n\n\n<div class=\"wp-block-columns is-layout-flex wp-container-core-columns-is-layout-9d6595d7 wp-block-columns-is-layout-flex\">\n<div class=\"wp-block-column is-layout-flow wp-block-column-is-layout-flow\">\n<p style=\"font-size:18px\">Die Festkommission plant und gestaltet unsere Vereinsfeiern, das Stra\u00dfenfest und andere Veranstaltungen neben dem Schie\u00dfsport.<\/p>\n\n\n\n<p style=\"font-size:18px\">Leitung: Timo Meier<\/p>\n\n\n\n<details class=\"wp-block-details is-layout-flow wp-block-details-is-layout-flow\" style=\"font-size:18px\" open><summary>Mitglieder:<\/summary>\n<p style=\"font-size:16px\"><em>Heike Buntrock,\u00a0Vanessa Smorra, Stefan Luppus, Melissa Behrens, Dominik Bulitta, Sebastian Ko\u00df, Toni Meier, Michael Dette<\/em><\/p>\n<\/details>\n<\/div>\n<\/div>\n\n\n\n<div style=\"height:20px\" aria-hidden=\"true\" class=\"wp-block-spacer\"><\/div>\n\n\n\n<p style=\"font-size:20px\"><strong><u>Fahnenkommission:<\/u><\/strong><\/p>\n\n\n\n<div class=\"wp-block-columns is-layout-flex wp-container-core-columns-is-layout-9d6595d7 wp-block-columns-is-layout-flex\">\n<div class=\"wp-block-column is-layout-flow wp-block-column-is-layout-flow\">\n<p style=\"font-size:18px\">Die Fahnenkommission betreut die Vereinsfahne und stellt die Fahnentr\u00e4ger f\u00fcr den Ausmarsch durch Hannover, das Abholen der Besten und weitere \u00f6ffentliche Anl\u00e4sse.<\/p>\n\n\n\n<p style=\"font-size:18px\">Leitung: Ulrich Behrens<\/p>\n\n\n\n<details class=\"wp-block-details is-layout-flow wp-block-details-is-layout-flow\" style=\"font-size:18px\" open><summary>Mitglieder:<\/summary>\n<p style=\"font-size:16px\"><em>Sebastian Both, Sebastian Buntrock, Volker Schneider, Rene Bley<\/em><\/p>\n<\/details>\n<\/div>\n<\/div>\n\n\n\n<div style=\"height:20px\" aria-hidden=\"true\" class=\"wp-block-spacer\"><\/div>\n\n\n\n<p style=\"font-size:20px\"><strong><u>Pressekommission:<\/u><\/strong><\/p>\n\n\n\n<div class=\"wp-block-columns is-layout-flex wp-container-core-columns-is-layout-9d6595d7 wp-block-columns-is-layout-flex\">\n<div class=\"wp-block-column is-layout-flow wp-block-column-is-layout-flow\">\n<p style=\"font-size:18px\">Die Pressekommission gestaltet die Auftritte der SG Ricklingen in Print\u2011 und Onlinemedien. Zus\u00e4tzlich betreuen sie die Vereinszeitung <a href=\"https:\/\/sg-ricklingen.de\/?page_id=457\" data-type=\"page\" data-id=\"457\">Der Ricklinger Sch\u00fctze<\/a>.<\/p>\n\n\n\n<details class=\"wp-block-details is-layout-flow wp-block-details-is-layout-flow\" style=\"font-size:18px\" open><summary>Mitglieder:<\/summary>\n<p style=\"font-size:16px\"><em>Ewa Kucmann, Winfried Buntrock<\/em><\/p>\n<\/details>\n\n\n\n<details class=\"wp-block-details is-layout-flow wp-block-details-is-layout-flow\" style=\"font-size:18px\" open><summary>Website:<\/summary>\n<p style=\"font-size:16px\"><em>Sebastian Both, Sebastian Buntrock, Timo Meier, Vanessa Smorra<\/em><\/p>\n<\/details>\n\n\n\n<details class=\"wp-block-details is-layout-flow wp-block-details-is-layout-flow\" style=\"font-size:18px\" open><summary>Social Media:<\/summary>\n<p style=\"font-size:16px\"><em>Vanessa Smorra<\/em><\/p>\n<\/details>\n<\/div>\n<\/div>\n\n\n\n<div style=\"height:20px\" aria-hidden=\"true\" class=\"wp-block-spacer\"><\/div>\n\n\n\n<p style=\"font-size:20px\"><strong><u>Ehrenrat:<\/u><\/strong><\/p>\n\n\n\n<div class=\"wp-block-columns is-layout-flex wp-container-core-columns-is-layout-9d6595d7 wp-block-columns-is-layout-flex\">\n<div class=\"wp-block-column is-layout-flow wp-block-column-is-layout-flow\">\n<p style=\"font-size:18px\">Der Ehrenrat dient als vereinsinternes Schlichtungsorgan.<\/p>\n\n\n\n<p style=\"font-size:18px\">Vorsitzender: Dieter Hartmann<\/p>\n\n\n\n<details class=\"wp-block-details is-layout-flow wp-block-details-is-layout-flow\" style=\"font-size:18px\" open><summary>Mitglieder:<\/summary>\n<p style=\"font-size:16px\"><em>Alfred Hagemann, Peter Menzel<\/em><\/p>\n<\/details>\n<\/div>\n<\/div>\n\n\n\n<p><\/p>\n","protected":false},"excerpt":{"rendered":"<p>Der Vorstand der SG Ricklingen wird von einer Vielzahl von Mitgliedern bei seiner Arbeit unterst\u00fctzt. Die Vereinsarbeit wird in einzelnen Kommissionen abgebildet. Allen Mitgliedern steht es frei sich entsprechend ihrer Interessen<a class=\"read-more\" href=\"https:\/\/sg-ricklingen.de\/?page_id=35\">Mehr erfahren<\/a><\/p>\n","protected":false},"author":1,"featured_media":0,"parent":19,"menu_order":0,"comment_status":"closed","ping_status":"closed","template":"","meta":{"footnotes":""},"class_list":["post-35","page","type-page","status-publish","hentry"],"_links":{"self":[{"href":"https:\/\/sg-ricklingen.de\/index.php?rest_route=\/wp\/v2\/pages\/35","targetHints":{"allow":["GET"]}}],"collection":[{"href":"https:\/\/sg-ricklingen.de\/index.php?rest_route=\/wp\/v2\/pages"}],"about":[{"href":"https:\/\/sg-ricklingen.de\/index.php?rest_route=\/wp\/v2\/types\/page"}],"author":[{"embeddable":true,"href":"https:\/\/sg-ricklingen.de\/index.php?rest_route=\/wp\/v2\/users\/1"}],"replies":[{"embeddable":true,"href":"https:\/\/sg-ricklingen.de\/index.php?rest_route=%2Fwp%2Fv2%2Fcomments&post=35"}],"version-history":[{"count":38,"href":"https:\/\/sg-ricklingen.de\/index.php?rest_route=\/wp\/v2\/pages\/35\/revisions"}],"predecessor-version":[{"id":2781,"href":"https:\/\/sg-ricklingen.de\/index.php?rest_route=\/wp\/v2\/pages\/35\/revisions\/2781"}],"up":[{"embeddable":true,"href":"https:\/\/sg-ricklingen.de\/index.php?rest_route=\/wp\/v2\/pages\/19"}],"wp:attachment":[{"href":"https:\/\/sg-ricklingen.de\/index.php?rest_route=%2Fwp%2Fv2%2Fmedia&parent=35"}],"curies":[{"name":"wp","href":"https:\/\/api.w.org\/{rel}","templated":true}]}}