{"id":33,"date":"2017-07-26T19:44:00","date_gmt":"2017-07-26T19:44:00","guid":{"rendered":"http:\/\/sg-ricklingen.de\/?page_id=33"},"modified":"2026-04-01T08:15:14","modified_gmt":"2026-04-01T08:15:14","slug":"vorstand","status":"publish","type":"page","link":"https:\/\/sg-ricklingen.de\/?page_id=33","title":{"rendered":"Vorstand"},"content":{"rendered":"\n<p style=\"font-size:20px\"><strong>Gesch\u00e4ftsf\u00fchrender Vorstand<\/strong><\/p>\n\n\n\n<div class=\"wp-block-columns is-layout-flex wp-container-core-columns-is-layout-9d6595d7 wp-block-columns-is-layout-flex\">\n<div class=\"wp-block-column is-layout-flow wp-block-column-is-layout-flow\">\n<p style=\"font-size:18px\">Erster Vorsitzender:<br>Olaf Dahms<\/p>\n<\/div>\n\n\n\n<div class=\"wp-block-column is-layout-flow wp-block-column-is-layout-flow\">\n<p style=\"font-size:18px\">Zweiter Vorsitzender: <br>Udo Staggemeyer<\/p>\n<\/div>\n<\/div>\n\n\n\n<div style=\"height:10px\" aria-hidden=\"true\" class=\"wp-block-spacer\"><\/div>\n\n\n\n<p style=\"font-size:20px\"><strong>Erweiterter Vorstand und Funktion\u00e4re<\/strong><\/p>\n\n\n\n<div class=\"wp-block-columns is-layout-flex wp-container-core-columns-is-layout-9d6595d7 wp-block-columns-is-layout-flex\">\n<div class=\"wp-block-column is-layout-flow wp-block-column-is-layout-flow\">\n<p style=\"font-size:18px\">Vereinssportleiter:<br>Sebastian Buntrock<\/p>\n<\/div>\n\n\n\n<div class=\"wp-block-column is-layout-flow wp-block-column-is-layout-flow\">\n<p style=\"font-size:18px\">Damenleiterin:<br>Sabine Tegtmeyer-Dette<\/p>\n<\/div>\n<\/div>\n\n\n\n<div class=\"wp-block-columns is-layout-flex wp-container-core-columns-is-layout-9d6595d7 wp-block-columns-is-layout-flex\">\n<div class=\"wp-block-column is-layout-flow wp-block-column-is-layout-flow\">\n<p style=\"font-size:18px\">Jugendleiterin:<br>Andrea Heitmann<\/p>\n<\/div>\n\n\n\n<div class=\"wp-block-column is-layout-flow wp-block-column-is-layout-flow\">\n<p style=\"font-size:18px\">Sportleiter Bogen:<br>Sven Nagler<\/p>\n<\/div>\n<\/div>\n\n\n\n<div class=\"wp-block-columns is-layout-flex wp-container-core-columns-is-layout-9d6595d7 wp-block-columns-is-layout-flex\">\n<div class=\"wp-block-column is-layout-flow wp-block-column-is-layout-flow\">\n<p style=\"font-size:18px\">Sportleiterin Kleinkaliber:<br>Maren Mocker<\/p>\n<\/div>\n\n\n\n<div class=\"wp-block-column is-layout-flow wp-block-column-is-layout-flow\"><\/div>\n<\/div>\n\n\n\n<div class=\"wp-block-columns is-layout-flex wp-container-core-columns-is-layout-9d6595d7 wp-block-columns-is-layout-flex\">\n<div class=\"wp-block-column is-layout-flow wp-block-column-is-layout-flow\">\n<p style=\"font-size:18px\">Festleiter:<br>Timo Meier<\/p>\n<\/div>\n\n\n\n<div class=\"wp-block-column is-layout-flow wp-block-column-is-layout-flow\">\n<p style=\"font-size:18px\">Kassierer:<br>Ulrich Behrens<\/p>\n<\/div>\n<\/div>\n\n\n\n<div class=\"wp-block-columns is-layout-flex wp-container-core-columns-is-layout-9d6595d7 wp-block-columns-is-layout-flex\">\n<div class=\"wp-block-column is-layout-flow wp-block-column-is-layout-flow\">\n<p style=\"font-size:18px\">Schriftf\u00fchrerin:<br>Ewa Kucmann<\/p>\n<\/div>\n\n\n\n<div class=\"wp-block-column is-layout-flow wp-block-column-is-layout-flow\">\n<p style=\"font-size:18px\">\u00d6ffentlichkeitsarbeit:<br>Vanessa Smorra<\/p>\n<\/div>\n<\/div>\n","protected":false},"excerpt":{"rendered":"<p>Gesch\u00e4ftsf\u00fchrender Vorstand Erster Vorsitzender:Olaf Dahms Zweiter Vorsitzender: Udo Staggemeyer Erweiterter Vorstand und Funktion\u00e4re Vereinssportleiter:Sebastian Buntrock Damenleiterin:Sabine Tegtmeyer-Dette Jugendleiterin:Andrea Heitmann Sportleiter Bogen:Sven Nagler Sportleiterin Kleinkaliber:Maren Mocker Festleiter:Timo Meier Kassierer:Ulrich Behrens Schriftf\u00fchrerin:Ewa Kucmann<a class=\"read-more\" href=\"https:\/\/sg-ricklingen.de\/?page_id=33\">Mehr erfahren<\/a><\/p>\n","protected":false},"author":1,"featured_media":0,"parent":19,"menu_order":0,"comment_status":"closed","ping_status":"closed","template":"","meta":{"footnotes":""},"class_list":["post-33","page","type-page","status-publish","hentry"],"_links":{"self":[{"href":"https:\/\/sg-ricklingen.de\/index.php?rest_route=\/wp\/v2\/pages\/33","targetHints":{"allow":["GET"]}}],"collection":[{"href":"https:\/\/sg-ricklingen.de\/index.php?rest_route=\/wp\/v2\/pages"}],"about":[{"href":"https:\/\/sg-ricklingen.de\/index.php?rest_route=\/wp\/v2\/types\/page"}],"author":[{"embeddable":true,"href":"https:\/\/sg-ricklingen.de\/index.php?rest_route=\/wp\/v2\/users\/1"}],"replies":[{"embeddable":true,"href":"https:\/\/sg-ricklingen.de\/index.php?rest_route=%2Fwp%2Fv2%2Fcomments&post=33"}],"version-history":[{"count":28,"href":"https:\/\/sg-ricklingen.de\/index.php?rest_route=\/wp\/v2\/pages\/33\/revisions"}],"predecessor-version":[{"id":2767,"href":"https:\/\/sg-ricklingen.de\/index.php?rest_route=\/wp\/v2\/pages\/33\/revisions\/2767"}],"up":[{"embeddable":true,"href":"https:\/\/sg-ricklingen.de\/index.php?rest_route=\/wp\/v2\/pages\/19"}],"wp:attachment":[{"href":"https:\/\/sg-ricklingen.de\/index.php?rest_route=%2Fwp%2Fv2%2Fmedia&parent=33"}],"curies":[{"name":"wp","href":"https:\/\/api.w.org\/{rel}","templated":true}]}}