{"id":25,"date":"2017-07-26T19:44:00","date_gmt":"2017-07-26T19:44:00","guid":{"rendered":"http:\/\/sg-ricklingen.de\/?page_id=25"},"modified":"2026-03-30T14:02:01","modified_gmt":"2026-03-30T14:02:01","slug":"damen","status":"publish","type":"page","link":"https:\/\/sg-ricklingen.de\/?page_id=25","title":{"rendered":"Damen"},"content":{"rendered":"\n<p style=\"font-size:18px\">Unsere Damenabteilung \u2013 ein echtes Highlight!<br>Schie\u00dfen ist nichts f\u00fcr Frauen? Ganz im Gegenteil. Seit 2005 gibt es bei uns eine engagierte und herzliche Damenabteilung, die genau das beweist.<\/p>\n\n\n\n<div style=\"height:20px\" aria-hidden=\"true\" class=\"wp-block-spacer\"><\/div>\n\n\n\n<p style=\"font-size:18px\">Sie lebt von einer offenen, herzlichen Atmosph\u00e4re, in der jede willkommen ist, ganz egal, ob du schon Erfahrung hast oder den Schie\u00dfsport einfach einmal ausprobieren m\u00f6chtest. Bei uns steht das gemeinsame Erleben im Vordergrund: konzentriertes Training, gegenseitige Unterst\u00fctzung und nat\u00fcrlich jede Menge Spa\u00df, auch bei unseren au\u00dferschie\u00dfsportlichen Aktivit\u00e4ten.<\/p>\n\n\n\n<div style=\"height:20px\" aria-hidden=\"true\" class=\"wp-block-spacer\"><\/div>\n\n\n\n<p style=\"font-size:18px\">Wenn du neugierig bist, komm gern vorbei und lerne uns kennen. Du kannst jederzeit unverbindlich reinschnuppern und dich in Ruhe informieren. Wir freuen uns immer \u00fcber neue Gesichter und zeigen dir gern, wie vielseitig und spannend unser Sport ist.<\/p>\n\n\n\n<div style=\"height:50px\" aria-hidden=\"true\" class=\"wp-block-spacer\"><\/div>\n\n\n\n<div class=\"wp-block-columns is-layout-flex wp-container-core-columns-is-layout-9d6595d7 wp-block-columns-is-layout-flex\">\n<div class=\"wp-block-column is-layout-flow wp-block-column-is-layout-flow\">\n<p class=\"has-text-align-center\" style=\"font-size:18px\">&nbsp;&#x1f552; <strong>Trainingszeiten:<\/strong><br>Montag 19:00 Uhr \u2013 22:00 Uhr<br><em>(in den Schulferien findet kein Training statt)<\/em><\/p>\n\n\n\n<div style=\"height:20px\" aria-hidden=\"true\" class=\"wp-block-spacer\"><\/div>\n\n\n\n<p class=\"has-text-align-center\" style=\"font-size:18px\">&#x1f4cd;&nbsp;<strong>Ort:<\/strong><br>Vereinslokal<br>Alte Ricklinger Bierquelle,<br>Beekestra\u00dfe 71,<br>30459 Hannover<\/p>\n\n\n\n<div style=\"height:20px\" aria-hidden=\"true\" class=\"wp-block-spacer\"><\/div>\n\n\n\n<p class=\"has-text-align-center\" style=\"font-size:18px\"><strong>Teilnahme ab:<\/strong><br>21 Jahren<\/p>\n\n\n\n<div style=\"height:20px\" aria-hidden=\"true\" class=\"wp-block-spacer\"><\/div>\n\n\n\n<p class=\"has-text-align-center\" style=\"font-size:18px\">&#x1f4e7; <strong>Kontakt:<\/strong><br>Sabine Tegtmeyer-Dette<br>damen@sg-ricklingen.de<\/p>\n<\/div>\n<\/div>\n\n\n\n<div class=\"wp-block-buttons is-content-justification-center is-layout-flex wp-container-core-buttons-is-layout-16018d1d wp-block-buttons-is-layout-flex\">\n<div class=\"wp-block-button is-style-outline is-style-outline--1\"><a class=\"wp-block-button__link wp-element-button\" href=\"https:\/\/sg-ricklingen.de\/?cat=5\">Mehr von unseren Damen&#8230;<\/a><\/div>\n<\/div>\n\n\n\n<p><\/p>\n","protected":false},"excerpt":{"rendered":"<p>Unsere Damenabteilung \u2013 ein echtes Highlight!Schie\u00dfen ist nichts f\u00fcr Frauen? Ganz im Gegenteil. Seit 2005 gibt es bei uns eine engagierte und herzliche Damenabteilung, die genau das beweist. Sie lebt von<a class=\"read-more\" href=\"https:\/\/sg-ricklingen.de\/?page_id=25\">Mehr erfahren<\/a><\/p>\n","protected":false},"author":1,"featured_media":0,"parent":31,"menu_order":0,"comment_status":"closed","ping_status":"closed","template":"","meta":{"footnotes":""},"class_list":["post-25","page","type-page","status-publish","hentry"],"_links":{"self":[{"href":"https:\/\/sg-ricklingen.de\/index.php?rest_route=\/wp\/v2\/pages\/25","targetHints":{"allow":["GET"]}}],"collection":[{"href":"https:\/\/sg-ricklingen.de\/index.php?rest_route=\/wp\/v2\/pages"}],"about":[{"href":"https:\/\/sg-ricklingen.de\/index.php?rest_route=\/wp\/v2\/types\/page"}],"author":[{"embeddable":true,"href":"https:\/\/sg-ricklingen.de\/index.php?rest_route=\/wp\/v2\/users\/1"}],"replies":[{"embeddable":true,"href":"https:\/\/sg-ricklingen.de\/index.php?rest_route=%2Fwp%2Fv2%2Fcomments&post=25"}],"version-history":[{"count":18,"href":"https:\/\/sg-ricklingen.de\/index.php?rest_route=\/wp\/v2\/pages\/25\/revisions"}],"predecessor-version":[{"id":2702,"href":"https:\/\/sg-ricklingen.de\/index.php?rest_route=\/wp\/v2\/pages\/25\/revisions\/2702"}],"up":[{"embeddable":true,"href":"https:\/\/sg-ricklingen.de\/index.php?rest_route=\/wp\/v2\/pages\/31"}],"wp:attachment":[{"href":"https:\/\/sg-ricklingen.de\/index.php?rest_route=%2Fwp%2Fv2%2Fmedia&parent=25"}],"curies":[{"name":"wp","href":"https:\/\/api.w.org\/{rel}","templated":true}]}}