{"id":233,"date":"2017-10-09T19:30:43","date_gmt":"2017-10-09T19:30:43","guid":{"rendered":"http:\/\/sg-ricklingen.de\/?page_id=233"},"modified":"2026-03-30T14:01:05","modified_gmt":"2026-03-30T14:01:05","slug":"jugend","status":"publish","type":"page","link":"https:\/\/sg-ricklingen.de\/?page_id=233","title":{"rendered":"Jugend"},"content":{"rendered":"\n<p style=\"font-size:18px\"><strong>Du suchst noch einen tollen Sport, bei dem es um Spa\u00df und Spannung geht?<\/strong><br>Dann bist du bei uns genau richtig! <\/p>\n\n\n\n<div style=\"height:20px\" aria-hidden=\"true\" class=\"wp-block-spacer\"><\/div>\n\n\n\n<p style=\"font-size:18px\">Schie\u00dfen ist ein faszinierender Sport, der Konzentration, Ruhe und Teamgeist f\u00f6rdert. Bei uns z\u00e4hlt das Miteinander. Die Kinder sollen sich gut aufgehoben f\u00fchlen und Spa\u00df am Training haben. Die Kinder und Jugendlichen lernen Schritt f\u00fcr Schritt den sicheren Umgang mit den Sportger\u00e4ten und wachsen dabei \u00fcber sich hinaus.<\/p>\n\n\n\n<div style=\"height:20px\" aria-hidden=\"true\" class=\"wp-block-spacer\"><\/div>\n\n\n\n<p style=\"font-size:18px\">Neue Gesichter sind jederzeit willkommen. Egal ob du einfach mal reinschnuppern m\u00f6chtest oder schon wei\u00dft, dass Schie\u00dfsport genau dein Ding ist, komm vorbei und probiere es aus. Unsere Jugendleiterinnen nimmt sich Zeit f\u00fcr dich und beantworten alle Fragen.<\/p>\n\n\n\n<div style=\"height:20px\" aria-hidden=\"true\" class=\"wp-block-spacer\"><\/div>\n\n\n\n<p style=\"font-size:18px\">Wir freuen uns darauf, dich kennenzulernen und dir zu zeigen, wie spannend unser Sport wirklich ist.<\/p>\n\n\n\n<div style=\"height:50px\" aria-hidden=\"true\" class=\"wp-block-spacer\"><\/div>\n\n\n\n<div class=\"wp-block-group has-white-background-color has-background\"><div class=\"wp-block-group__inner-container is-layout-constrained wp-block-group-is-layout-constrained\">\n<p class=\"has-text-align-center\" style=\"font-size:18px\">&#x1f552; <strong>Trainingszeiten:<\/strong><br>Mittwoch 17:00 Uhr \u2013 20:00 Uhr<br><em>(in den Schulferien findet Training bei Bedarf statt)<\/em><br>(bis 14 Jahre nur bis 19:30 Uhr)<\/p>\n\n\n\n<div style=\"height:20px\" aria-hidden=\"true\" class=\"wp-block-spacer\"><\/div>\n\n\n\n<p class=\"has-text-align-center\" style=\"font-size:18px\">&#x1f4cd; <strong>Ort:<\/strong><br>Vereinslokal<br>Alte Ricklinger Bierquelle,<br>Beekestra\u00dfe 71, <br>30459 Hannover<\/p>\n\n\n\n<div style=\"height:20px\" aria-hidden=\"true\" class=\"wp-block-spacer\"><\/div>\n\n\n\n<p class=\"has-text-align-center\" style=\"font-size:18px\"><strong>Teilnahme ab:<\/strong><br>6 Jahren: Lichtpunkt <br>12 Jahren: Luftgewehr <br>16 Jahren: gr\u00f6\u00dfere Kaliber<\/p>\n\n\n\n<div style=\"height:20px\" aria-hidden=\"true\" class=\"wp-block-spacer\"><\/div>\n\n\n\n<p class=\"has-text-align-center\" style=\"font-size:18px\">&#x1f4e7; <strong>Kontakt:<\/strong><br>Andrea Heitmann<br>Tel.: +49 1511 4809888<br>jugend@sg-ricklingen.de<\/p>\n\n\n\n<div style=\"height:20px\" aria-hidden=\"true\" class=\"wp-block-spacer\"><\/div>\n<\/div><\/div>\n\n\n\n<div class=\"wp-block-buttons is-content-justification-center is-layout-flex wp-container-core-buttons-is-layout-16018d1d wp-block-buttons-is-layout-flex\">\n<div class=\"wp-block-button is-style-outline is-style-outline--1\"><a class=\"wp-block-button__link wp-element-button\" href=\"https:\/\/sg-ricklingen.de\/?cat=7\">Mehr von der Jugend&#8230;<\/a><\/div>\n<\/div>\n\n\n\n<p><\/p>\n","protected":false},"excerpt":{"rendered":"<p>Du suchst noch einen tollen Sport, bei dem es um Spa\u00df und Spannung geht?Dann bist du bei uns genau richtig! Schie\u00dfen ist ein faszinierender Sport, der Konzentration, Ruhe und Teamgeist f\u00f6rdert.<a class=\"read-more\" href=\"https:\/\/sg-ricklingen.de\/?page_id=233\">Mehr erfahren<\/a><\/p>\n","protected":false},"author":1,"featured_media":1215,"parent":31,"menu_order":0,"comment_status":"closed","ping_status":"closed","template":"","meta":{"footnotes":""},"class_list":["post-233","page","type-page","status-publish","has-post-thumbnail","hentry"],"_links":{"self":[{"href":"https:\/\/sg-ricklingen.de\/index.php?rest_route=\/wp\/v2\/pages\/233","targetHints":{"allow":["GET"]}}],"collection":[{"href":"https:\/\/sg-ricklingen.de\/index.php?rest_route=\/wp\/v2\/pages"}],"about":[{"href":"https:\/\/sg-ricklingen.de\/index.php?rest_route=\/wp\/v2\/types\/page"}],"author":[{"embeddable":true,"href":"https:\/\/sg-ricklingen.de\/index.php?rest_route=\/wp\/v2\/users\/1"}],"replies":[{"embeddable":true,"href":"https:\/\/sg-ricklingen.de\/index.php?rest_route=%2Fwp%2Fv2%2Fcomments&post=233"}],"version-history":[{"count":22,"href":"https:\/\/sg-ricklingen.de\/index.php?rest_route=\/wp\/v2\/pages\/233\/revisions"}],"predecessor-version":[{"id":2701,"href":"https:\/\/sg-ricklingen.de\/index.php?rest_route=\/wp\/v2\/pages\/233\/revisions\/2701"}],"up":[{"embeddable":true,"href":"https:\/\/sg-ricklingen.de\/index.php?rest_route=\/wp\/v2\/pages\/31"}],"wp:featuredmedia":[{"embeddable":true,"href":"https:\/\/sg-ricklingen.de\/index.php?rest_route=\/wp\/v2\/media\/1215"}],"wp:attachment":[{"href":"https:\/\/sg-ricklingen.de\/index.php?rest_route=%2Fwp%2Fv2%2Fmedia&parent=233"}],"curies":[{"name":"wp","href":"https:\/\/api.w.org\/{rel}","templated":true}]}}