{"id":23,"date":"2017-07-26T19:44:00","date_gmt":"2017-07-26T19:44:00","guid":{"rendered":"http:\/\/sg-ricklingen.de\/?page_id=23"},"modified":"2026-03-30T14:02:50","modified_gmt":"2026-03-30T14:02:50","slug":"herren","status":"publish","type":"page","link":"https:\/\/sg-ricklingen.de\/?page_id=23","title":{"rendered":"Herren"},"content":{"rendered":"\n<p style=\"font-size:18px\">Unsere Herrenabteilung verbindet sportlichen Anspruch mit einer entspannten, freundlichen Atmosph\u00e4re. Jeden Donnerstag ab 19 Uhr trainieren wir auf modernen elektronischen Schie\u00dfst\u00e4nden mit Luftgewehr und Luftpistole. Danach bleibt oft noch Zeit f\u00fcr einen gem\u00fctlichen Austausch oder ein gutes Essen in unserer Vereinsgastst\u00e4tte. Au\u00dferdem besteht die M\u00f6glichkeit, sp\u00e4ter in einer unserer Mannschaften an Wettk\u00e4mpfen teilzunehmen. F\u00fcr jede Altersklasse ab 21 Jahren ist etwas dabei.<\/p>\n\n\n\n<div style=\"height:20px\" aria-hidden=\"true\" class=\"wp-block-spacer\"><\/div>\n\n\n\n<p style=\"font-size:18px\">Sportger\u00e4te stellen wir zur Verf\u00fcgung, sodass du den Schie\u00dfsport unkompliziert ausprobieren kannst. Lediglich die Munition muss selbst erworben werden (ca. 3,- bis 5,- \u20ac f\u00fcr Luftgewehrmunition 500 Diabolos).<\/p>\n\n\n\n<div style=\"height:20px\" aria-hidden=\"true\" class=\"wp-block-spacer\"><\/div>\n\n\n\n<p style=\"font-size:18px\">Wenn du Lust hast, die Kombination aus Konzentration, Technik und Geselligkeit kennenzulernen, schau gern bei uns vorbei. Wir freuen uns \u00fcber jedes neue Gesicht.<\/p>\n\n\n\n<div style=\"height:50px\" aria-hidden=\"true\" class=\"wp-block-spacer\"><\/div>\n\n\n\n<div class=\"wp-block-columns is-layout-flex wp-container-core-columns-is-layout-9d6595d7 wp-block-columns-is-layout-flex\">\n<div class=\"wp-block-column is-layout-flow wp-block-column-is-layout-flow\">\n<p class=\"has-text-align-center\" style=\"font-size:18px\">&#x1f552; <strong>Trainingszeiten:<\/strong><br>Donnerstag 19:00 Uhr \u2013 22:00 Uhr<br><em>(in den Schulferien findet kein Training statt)<\/em><\/p>\n\n\n\n<div style=\"height:20px\" aria-hidden=\"true\" class=\"wp-block-spacer\"><\/div>\n\n\n\n<p class=\"has-text-align-center\" style=\"font-size:18px\">&#x1f4cd; <strong>Ort:<\/strong><br>Vereinslokal<br>Alte Ricklinger Bierquelle,<br>Beekestra\u00dfe 71,<br>30459 Hannover<\/p>\n\n\n\n<div style=\"height:20px\" aria-hidden=\"true\" class=\"wp-block-spacer\"><\/div>\n\n\n\n<p class=\"has-text-align-center\" style=\"font-size:18px\"><strong>Teilnahme ab:<\/strong><br>21 Jahren<\/p>\n\n\n\n<div style=\"height:20px\" aria-hidden=\"true\" class=\"wp-block-spacer\"><\/div>\n\n\n\n<p class=\"has-text-align-center\" style=\"font-size:18px\">&#x1f4e7; <strong>Kontakt:<\/strong><br>Sebastian Buntrock<br>schiessen@sg-ricklingen.de<\/p>\n<\/div>\n<\/div>\n\n\n\n<div class=\"wp-block-buttons is-content-justification-center is-layout-flex wp-container-core-buttons-is-layout-16018d1d wp-block-buttons-is-layout-flex\">\n<div class=\"wp-block-button is-style-outline is-style-outline--1\"><a class=\"wp-block-button__link wp-element-button\" href=\"https:\/\/sg-ricklingen.de\/?cat=6\">Mehr von unseren Herren&#8230;<\/a><\/div>\n<\/div>\n\n\n\n<p><\/p>\n","protected":false},"excerpt":{"rendered":"<p>Unsere Herrenabteilung verbindet sportlichen Anspruch mit einer entspannten, freundlichen Atmosph\u00e4re. Jeden Donnerstag ab 19 Uhr trainieren wir auf modernen elektronischen Schie\u00dfst\u00e4nden mit Luftgewehr und Luftpistole. Danach bleibt oft noch Zeit f\u00fcr<a class=\"read-more\" href=\"https:\/\/sg-ricklingen.de\/?page_id=23\">Mehr erfahren<\/a><\/p>\n","protected":false},"author":1,"featured_media":0,"parent":31,"menu_order":0,"comment_status":"closed","ping_status":"closed","template":"","meta":{"footnotes":""},"class_list":["post-23","page","type-page","status-publish","hentry"],"_links":{"self":[{"href":"https:\/\/sg-ricklingen.de\/index.php?rest_route=\/wp\/v2\/pages\/23","targetHints":{"allow":["GET"]}}],"collection":[{"href":"https:\/\/sg-ricklingen.de\/index.php?rest_route=\/wp\/v2\/pages"}],"about":[{"href":"https:\/\/sg-ricklingen.de\/index.php?rest_route=\/wp\/v2\/types\/page"}],"author":[{"embeddable":true,"href":"https:\/\/sg-ricklingen.de\/index.php?rest_route=\/wp\/v2\/users\/1"}],"replies":[{"embeddable":true,"href":"https:\/\/sg-ricklingen.de\/index.php?rest_route=%2Fwp%2Fv2%2Fcomments&post=23"}],"version-history":[{"count":12,"href":"https:\/\/sg-ricklingen.de\/index.php?rest_route=\/wp\/v2\/pages\/23\/revisions"}],"predecessor-version":[{"id":2703,"href":"https:\/\/sg-ricklingen.de\/index.php?rest_route=\/wp\/v2\/pages\/23\/revisions\/2703"}],"up":[{"embeddable":true,"href":"https:\/\/sg-ricklingen.de\/index.php?rest_route=\/wp\/v2\/pages\/31"}],"wp:attachment":[{"href":"https:\/\/sg-ricklingen.de\/index.php?rest_route=%2Fwp%2Fv2%2Fmedia&parent=23"}],"curies":[{"name":"wp","href":"https:\/\/api.w.org\/{rel}","templated":true}]}}