{"id":1708,"date":"2025-08-17T20:12:38","date_gmt":"2025-08-17T20:12:38","guid":{"rendered":"https:\/\/sg-ricklingen.de\/?page_id=1708"},"modified":"2026-03-30T14:03:26","modified_gmt":"2026-03-30T14:03:26","slug":"blasrohrsport","status":"publish","type":"page","link":"https:\/\/sg-ricklingen.de\/?page_id=1708","title":{"rendered":"Blasrohrsport"},"content":{"rendered":"\n<p style=\"font-size:18px\">Blasrohrsport hat mit den Erinnerungen aus der Schulzeit nur noch wenig zu tun. Heute wird mit gr\u00f6\u00dferen Blasrohren und speziellen Pfeilen auf Zielscheiben geschossen. Ein spannender Sport, der leicht zu erlernen ist und in jedem Alter Spa\u00df macht.<\/p>\n\n\n\n<div class=\"wp-block-columns is-layout-flex wp-container-core-columns-is-layout-9d6595d7 wp-block-columns-is-layout-flex\">\n<div class=\"wp-block-column is-layout-flow wp-block-column-is-layout-flow\" style=\"flex-basis:33.33%\">\n<figure class=\"wp-block-gallery has-nested-images columns-default is-cropped wp-block-gallery-1 is-layout-flex wp-block-gallery-is-layout-flex\">\n<figure class=\"wp-block-image size-large\"><img loading=\"lazy\" decoding=\"async\" width=\"691\" height=\"1024\" data-id=\"2174\" src=\"https:\/\/sg-ricklingen.de\/wp-content\/uploads\/2025\/11\/IMG_5084-1-691x1024.jpeg\" alt=\"\" class=\"wp-image-2174\" srcset=\"https:\/\/sg-ricklingen.de\/wp-content\/uploads\/2025\/11\/IMG_5084-1-691x1024.jpeg 691w, https:\/\/sg-ricklingen.de\/wp-content\/uploads\/2025\/11\/IMG_5084-1-202x300.jpeg 202w, https:\/\/sg-ricklingen.de\/wp-content\/uploads\/2025\/11\/IMG_5084-1-768x1138.jpeg 768w, https:\/\/sg-ricklingen.de\/wp-content\/uploads\/2025\/11\/IMG_5084-1-1036x1536.jpeg 1036w, https:\/\/sg-ricklingen.de\/wp-content\/uploads\/2025\/11\/IMG_5084-1-1382x2048.jpeg 1382w, https:\/\/sg-ricklingen.de\/wp-content\/uploads\/2025\/11\/IMG_5084-1-520x771.jpeg 520w, https:\/\/sg-ricklingen.de\/wp-content\/uploads\/2025\/11\/IMG_5084-1-740x1097.jpeg 740w, https:\/\/sg-ricklingen.de\/wp-content\/uploads\/2025\/11\/IMG_5084-1-scaled.jpeg 1727w\" sizes=\"auto, (max-width: 691px) 100vw, 691px\" \/><\/figure>\n<\/figure>\n<\/div>\n\n\n\n<div class=\"wp-block-column is-layout-flow wp-block-column-is-layout-flow\" style=\"flex-basis:66.66%\">\n<p style=\"font-size:18px\"><br>Seit Sommer 2023 geh\u00f6rt der Blasrohrsport zu unserem Vereinsangebot, und inzwischen treffen sich bis zu 15 Teilnehmende regelm\u00e4\u00dfig zum Training. Unsere Mitglieder starten bei Landesmeisterschaften, beim Bundesturnier und sogar bei der Deutschen Meisterschaft. Wer m\u00f6chte, kann also richtig durchstarten.<\/p>\n\n\n\n<p style=\"font-size:18px\">Der Sport ist nicht nur unterhaltsam, sondern auch gesund: Er f\u00f6rdert die Koordination, st\u00e4rkt die Lungenfunktion, verbessert die K\u00f6rperhaltung und steigert die Kondition. Gerade weil die Lungenleistung ab etwa 30 Jahren langsam abnimmt, ist Blasrohrsport eine tolle M\u00f6glichkeit, aktiv gegenzusteuern.<\/p>\n\n\n\n<p style=\"font-size:18px\">Geschossen wird mit jeweils f\u00fcnf Pfeilen auf sieben Meter (Kinder bis 11 Jahre auf f\u00fcnf Meter). Ein Trainingsprogramm umfasst 60 Pfeile, mit einer kurzen Pause nach der H\u00e4lfte. Unterschiedliche Rohrl\u00e4ngen und Durchmesser erm\u00f6glichen eine individuelle Anpassung, niemand muss sich \u00fcberfordern<\/p>\n\n\n\n<p style=\"font-size:18px\">Sauberkeit und Sicherheit stehen dabei immer im Vordergrund. Und wie bei allen Sportarten gilt: \u00dcbung macht den Meister. Aber auch ohne Wettkampfambitionen lohnt sich das regelm\u00e4\u00dfige Training \u2013 f\u00fcr die Gesundheit und f\u00fcr das Gemeinschaftsgef\u00fchl.<\/p>\n<\/div>\n<\/div>\n\n\n\n<p style=\"font-size:18px\">Wenn du Lust hast, etwas Neues auszuprobieren und gleichzeitig etwas f\u00fcr dich zu tun, bist du bei uns genau richtig. Wir freuen uns auf dich!<\/p>\n\n\n\n<div style=\"height:50px\" aria-hidden=\"true\" class=\"wp-block-spacer\"><\/div>\n\n\n\n<div class=\"wp-block-columns is-layout-flex wp-container-core-columns-is-layout-9d6595d7 wp-block-columns-is-layout-flex\">\n<div class=\"wp-block-column is-layout-flow wp-block-column-is-layout-flow\">\n<p class=\"has-text-align-center\" style=\"font-size:18px\"><strong>&#x1f552; Training und <strong>&#x1f4cd; Ort:<\/strong> :<\/strong> <br>Dienstag 18:00 &#8211; 22:00 Uhr<br>Vereinslokal, <br>Alte Ricklinger Bierquelle, <br>Beekestr. 71, <br>30459 Hannover<br><br>Samstag im Winter (Okt. \u2013 Mrz.) von 10:00 Uhr &#8211; 13:00 Uhr<br>Sporthalle BBS ME,<br>Goetheplatz 7, <br>30169 Hannover<\/p>\n\n\n\n<div style=\"height:20px\" aria-hidden=\"true\" class=\"wp-block-spacer\"><\/div>\n\n\n\n<p class=\"has-text-align-center\" style=\"font-size:18px\"><strong>Teilnahme ab:<\/strong><br>6 Jahren<\/p>\n\n\n\n<div style=\"height:20px\" aria-hidden=\"true\" class=\"wp-block-spacer\"><\/div>\n\n\n\n<p class=\"has-text-align-center\" style=\"font-size:18px\"><strong>&#x1f4e7; Kontakt:<\/strong><br>Olaf Dahms<br>1.vorsitzender@sg-ricklingen.de<\/p>\n\n\n\n<div style=\"height:20px\" aria-hidden=\"true\" class=\"wp-block-spacer\"><\/div>\n\n\n\n<p class=\"has-text-align-center\" style=\"font-size:18px\"><strong>Weiterf\u00fchrende Links:<\/strong><br><a href=\"https:\/\/www.ardmediathek.de\/video\/hallo-niedersachsen\/erste-deutsche-blasrohr-meisterschaft-in-einbeck\/ndr\/Y3JpZDovL25kci5kZS9kZDY2MjczMi1lMzA4LTQ0NDEtOTg2Yi1mM2JkMjkxYTZjMDE\" data-type=\"link\" data-id=\"https:\/\/www.ardmediathek.de\/video\/hallo-niedersachsen\/erste-deutsche-blasrohr-meisterschaft-in-einbeck\/ndr\/Y3JpZDovL25kci5kZS9kZDY2MjczMi1lMzA4LTQ0NDEtOTg2Yi1mM2JkMjkxYTZjMDE\">Der NDR-Bericht \u00fcber die Deutsche Meisterschaft 2025 in Einbeck<\/a><\/p>\n<\/div>\n<\/div>\n\n\n\n<div class=\"wp-block-buttons is-content-justification-center is-layout-flex wp-container-core-buttons-is-layout-16018d1d wp-block-buttons-is-layout-flex\">\n<div class=\"wp-block-button is-style-outline is-style-outline--2\"><a class=\"wp-block-button__link wp-element-button\" href=\"https:\/\/sg-ricklingen.de\/?cat=13\">Mehr von unseren Blasrohsportlern&#8230;<\/a><\/div>\n<\/div>\n\n\n\n<div style=\"height:20px\" aria-hidden=\"true\" class=\"wp-block-spacer\"><\/div>\n\n\n<div class=\"wp-block-image\">\n<figure class=\"aligncenter size-large\"><img loading=\"lazy\" decoding=\"async\" width=\"1024\" height=\"609\" src=\"https:\/\/sg-ricklingen.de\/wp-content\/uploads\/2025\/11\/IMG_2777-scaled-e1774878244820-1024x609.jpeg\" alt=\"\" class=\"wp-image-2169\" srcset=\"https:\/\/sg-ricklingen.de\/wp-content\/uploads\/2025\/11\/IMG_2777-scaled-e1774878244820-1024x609.jpeg 1024w, https:\/\/sg-ricklingen.de\/wp-content\/uploads\/2025\/11\/IMG_2777-scaled-e1774878244820-300x178.jpeg 300w, https:\/\/sg-ricklingen.de\/wp-content\/uploads\/2025\/11\/IMG_2777-scaled-e1774878244820-768x457.jpeg 768w, https:\/\/sg-ricklingen.de\/wp-content\/uploads\/2025\/11\/IMG_2777-scaled-e1774878244820-1536x914.jpeg 1536w, https:\/\/sg-ricklingen.de\/wp-content\/uploads\/2025\/11\/IMG_2777-scaled-e1774878244820-2048x1218.jpeg 2048w, https:\/\/sg-ricklingen.de\/wp-content\/uploads\/2025\/11\/IMG_2777-scaled-e1774878244820-520x309.jpeg 520w, https:\/\/sg-ricklingen.de\/wp-content\/uploads\/2025\/11\/IMG_2777-scaled-e1774878244820-740x440.jpeg 740w\" sizes=\"auto, (max-width: 1024px) 100vw, 1024px\" \/><\/figure>\n<\/div>\n\n\n<p><\/p>\n","protected":false},"excerpt":{"rendered":"<p>Blasrohrsport hat mit den Erinnerungen aus der Schulzeit nur noch wenig zu tun. Heute wird mit gr\u00f6\u00dferen Blasrohren und speziellen Pfeilen auf Zielscheiben geschossen. Ein spannender Sport, der leicht zu erlernen<a class=\"read-more\" href=\"https:\/\/sg-ricklingen.de\/?page_id=1708\">Mehr erfahren<\/a><\/p>\n","protected":false},"author":1,"featured_media":2164,"parent":31,"menu_order":0,"comment_status":"closed","ping_status":"closed","template":"","meta":{"footnotes":""},"class_list":["post-1708","page","type-page","status-publish","has-post-thumbnail","hentry"],"_links":{"self":[{"href":"https:\/\/sg-ricklingen.de\/index.php?rest_route=\/wp\/v2\/pages\/1708","targetHints":{"allow":["GET"]}}],"collection":[{"href":"https:\/\/sg-ricklingen.de\/index.php?rest_route=\/wp\/v2\/pages"}],"about":[{"href":"https:\/\/sg-ricklingen.de\/index.php?rest_route=\/wp\/v2\/types\/page"}],"author":[{"embeddable":true,"href":"https:\/\/sg-ricklingen.de\/index.php?rest_route=\/wp\/v2\/users\/1"}],"replies":[{"embeddable":true,"href":"https:\/\/sg-ricklingen.de\/index.php?rest_route=%2Fwp%2Fv2%2Fcomments&post=1708"}],"version-history":[{"count":26,"href":"https:\/\/sg-ricklingen.de\/index.php?rest_route=\/wp\/v2\/pages\/1708\/revisions"}],"predecessor-version":[{"id":2704,"href":"https:\/\/sg-ricklingen.de\/index.php?rest_route=\/wp\/v2\/pages\/1708\/revisions\/2704"}],"up":[{"embeddable":true,"href":"https:\/\/sg-ricklingen.de\/index.php?rest_route=\/wp\/v2\/pages\/31"}],"wp:featuredmedia":[{"embeddable":true,"href":"https:\/\/sg-ricklingen.de\/index.php?rest_route=\/wp\/v2\/media\/2164"}],"wp:attachment":[{"href":"https:\/\/sg-ricklingen.de\/index.php?rest_route=%2Fwp%2Fv2%2Fmedia&parent=1708"}],"curies":[{"name":"wp","href":"https:\/\/api.w.org\/{rel}","templated":true}]}}